{"id":2,"date":"2021-10-12T13:30:26","date_gmt":"2021-10-12T11:30:26","guid":{"rendered":"http:\/\/aymericbernard.fr\/?page_id=2"},"modified":"2022-09-01T20:04:01","modified_gmt":"2022-09-01T18:04:01","slug":"page-d-exemple","status":"publish","type":"page","link":"https:\/\/aymericbernard.fr\/?page_id=2","title":{"rendered":"CV"},"content":{"rendered":"\n<figure class=\"wp-block-image size-full is-resized\"><img loading=\"lazy\" src=\"http:\/\/aymericbernard.fr\/wp-content\/uploads\/2022\/09\/BERNARD_Aymeric_CV-1.jpg\" alt=\"\" class=\"wp-image-209\" width=\"1240\" height=\"876\" srcset=\"https:\/\/aymericbernard.fr\/wp-content\/uploads\/2022\/09\/BERNARD_Aymeric_CV-1.jpg 842w, https:\/\/aymericbernard.fr\/wp-content\/uploads\/2022\/09\/BERNARD_Aymeric_CV-1-300x212.jpg 300w, https:\/\/aymericbernard.fr\/wp-content\/uploads\/2022\/09\/BERNARD_Aymeric_CV-1-768x543.jpg 768w, https:\/\/aymericbernard.fr\/wp-content\/uploads\/2022\/09\/BERNARD_Aymeric_CV-1-425x300.jpg 425w\" sizes=\"(max-width: 1240px) 100vw, 1240px\" \/><\/figure>\n","protected":false},"excerpt":{"rendered":"","protected":false},"author":1,"featured_media":0,"parent":0,"menu_order":0,"comment_status":"closed","ping_status":"open","template":"","meta":[],"yoast_head":"<!-- This site is optimized with the Yoast SEO plugin v17.4 - https:\/\/yoast.com\/wordpress\/plugins\/seo\/ -->\n<title>CV - Aymeric BERNARD<\/title>\n<meta name=\"robots\" content=\"index, follow, max-snippet:-1, max-image-preview:large, max-video-preview:-1\" \/>\n<link rel=\"canonical\" href=\"https:\/\/aymericbernard.fr\/?page_id=2\" \/>\n<meta property=\"og:locale\" content=\"en_US\" \/>\n<meta property=\"og:type\" content=\"article\" \/>\n<meta property=\"og:title\" content=\"CV - Aymeric BERNARD\" \/>\n<meta property=\"og:url\" content=\"https:\/\/aymericbernard.fr\/?page_id=2\" \/>\n<meta property=\"og:site_name\" content=\"Aymeric BERNARD\" \/>\n<meta property=\"article:modified_time\" content=\"2022-09-01T18:04:01+00:00\" \/>\n<meta property=\"og:image\" content=\"http:\/\/aymericbernard.fr\/wp-content\/uploads\/2022\/09\/BERNARD_Aymeric_CV-1.jpg\" \/>\n<meta name=\"twitter:card\" content=\"summary_large_image\" \/>\n<meta name=\"twitter:label1\" content=\"Est. reading time\" \/>\n\t<meta name=\"twitter:data1\" content=\"1 minute\" \/>\n<script type=\"application\/ld+json\" class=\"yoast-schema-graph\">{\"@context\":\"https:\/\/schema.org\",\"@graph\":[{\"@type\":\"WebSite\",\"@id\":\"https:\/\/aymericbernard.fr\/#website\",\"url\":\"https:\/\/aymericbernard.fr\/\",\"name\":\"Aymeric BERNARD\",\"description\":\"Bonjour, je suis Aymeric, passionn\\u00e9 de cr\\u00e9ation, que ce soit print, web ou vid\\u00e9o. Je vous propose de vous accompagner dans vos projets afin que votre image corresponde \\u00e0 vos valeurs. Contactez-moi pour plus d&#039;informations. \",\"potentialAction\":[{\"@type\":\"SearchAction\",\"target\":{\"@type\":\"EntryPoint\",\"urlTemplate\":\"https:\/\/aymericbernard.fr\/?s={search_term_string}\"},\"query-input\":\"required name=search_term_string\"}],\"inLanguage\":\"en-US\"},{\"@type\":\"ImageObject\",\"@id\":\"https:\/\/aymericbernard.fr\/?page_id=2#primaryimage\",\"inLanguage\":\"en-US\",\"url\":\"http:\/\/aymericbernard.fr\/wp-content\/uploads\/2022\/09\/BERNARD_Aymeric_CV-1.jpg\",\"contentUrl\":\"http:\/\/aymericbernard.fr\/wp-content\/uploads\/2022\/09\/BERNARD_Aymeric_CV-1.jpg\"},{\"@type\":\"WebPage\",\"@id\":\"https:\/\/aymericbernard.fr\/?page_id=2#webpage\",\"url\":\"https:\/\/aymericbernard.fr\/?page_id=2\",\"name\":\"CV - Aymeric BERNARD\",\"isPartOf\":{\"@id\":\"https:\/\/aymericbernard.fr\/#website\"},\"primaryImageOfPage\":{\"@id\":\"https:\/\/aymericbernard.fr\/?page_id=2#primaryimage\"},\"datePublished\":\"2021-10-12T11:30:26+00:00\",\"dateModified\":\"2022-09-01T18:04:01+00:00\",\"breadcrumb\":{\"@id\":\"https:\/\/aymericbernard.fr\/?page_id=2#breadcrumb\"},\"inLanguage\":\"en-US\",\"potentialAction\":[{\"@type\":\"ReadAction\",\"target\":[\"https:\/\/aymericbernard.fr\/?page_id=2\"]}]},{\"@type\":\"BreadcrumbList\",\"@id\":\"https:\/\/aymericbernard.fr\/?page_id=2#breadcrumb\",\"itemListElement\":[{\"@type\":\"ListItem\",\"position\":1,\"name\":\"Accueil\",\"item\":\"https:\/\/aymericbernard.fr\/\"},{\"@type\":\"ListItem\",\"position\":2,\"name\":\"CV\"}]}]}<\/script>\n<!-- \/ Yoast SEO plugin. -->","yoast_head_json":{"title":"CV - Aymeric BERNARD","robots":{"index":"index","follow":"follow","max-snippet":"max-snippet:-1","max-image-preview":"max-image-preview:large","max-video-preview":"max-video-preview:-1"},"canonical":"https:\/\/aymericbernard.fr\/?page_id=2","og_locale":"en_US","og_type":"article","og_title":"CV - Aymeric BERNARD","og_url":"https:\/\/aymericbernard.fr\/?page_id=2","og_site_name":"Aymeric BERNARD","article_modified_time":"2022-09-01T18:04:01+00:00","og_image":[{"url":"http:\/\/aymericbernard.fr\/wp-content\/uploads\/2022\/09\/BERNARD_Aymeric_CV-1.jpg"}],"twitter_card":"summary_large_image","twitter_misc":{"Est. reading time":"1 minute"},"schema":{"@context":"https:\/\/schema.org","@graph":[{"@type":"WebSite","@id":"https:\/\/aymericbernard.fr\/#website","url":"https:\/\/aymericbernard.fr\/","name":"Aymeric BERNARD","description":"Bonjour, je suis Aymeric, passionn\u00e9 de cr\u00e9ation, que ce soit print, web ou vid\u00e9o. Je vous propose de vous accompagner dans vos projets afin que votre image corresponde \u00e0 vos valeurs. Contactez-moi pour plus d&#039;informations. ","potentialAction":[{"@type":"SearchAction","target":{"@type":"EntryPoint","urlTemplate":"https:\/\/aymericbernard.fr\/?s={search_term_string}"},"query-input":"required name=search_term_string"}],"inLanguage":"en-US"},{"@type":"ImageObject","@id":"https:\/\/aymericbernard.fr\/?page_id=2#primaryimage","inLanguage":"en-US","url":"http:\/\/aymericbernard.fr\/wp-content\/uploads\/2022\/09\/BERNARD_Aymeric_CV-1.jpg","contentUrl":"http:\/\/aymericbernard.fr\/wp-content\/uploads\/2022\/09\/BERNARD_Aymeric_CV-1.jpg"},{"@type":"WebPage","@id":"https:\/\/aymericbernard.fr\/?page_id=2#webpage","url":"https:\/\/aymericbernard.fr\/?page_id=2","name":"CV - Aymeric BERNARD","isPartOf":{"@id":"https:\/\/aymericbernard.fr\/#website"},"primaryImageOfPage":{"@id":"https:\/\/aymericbernard.fr\/?page_id=2#primaryimage"},"datePublished":"2021-10-12T11:30:26+00:00","dateModified":"2022-09-01T18:04:01+00:00","breadcrumb":{"@id":"https:\/\/aymericbernard.fr\/?page_id=2#breadcrumb"},"inLanguage":"en-US","potentialAction":[{"@type":"ReadAction","target":["https:\/\/aymericbernard.fr\/?page_id=2"]}]},{"@type":"BreadcrumbList","@id":"https:\/\/aymericbernard.fr\/?page_id=2#breadcrumb","itemListElement":[{"@type":"ListItem","position":1,"name":"Accueil","item":"https:\/\/aymericbernard.fr\/"},{"@type":"ListItem","position":2,"name":"CV"}]}]}},"_links":{"self":[{"href":"https:\/\/aymericbernard.fr\/index.php?rest_route=\/wp\/v2\/pages\/2"}],"collection":[{"href":"https:\/\/aymericbernard.fr\/index.php?rest_route=\/wp\/v2\/pages"}],"about":[{"href":"https:\/\/aymericbernard.fr\/index.php?rest_route=\/wp\/v2\/types\/page"}],"author":[{"embeddable":true,"href":"https:\/\/aymericbernard.fr\/index.php?rest_route=\/wp\/v2\/users\/1"}],"replies":[{"embeddable":true,"href":"https:\/\/aymericbernard.fr\/index.php?rest_route=%2Fwp%2Fv2%2Fcomments&post=2"}],"version-history":[{"count":5,"href":"https:\/\/aymericbernard.fr\/index.php?rest_route=\/wp\/v2\/pages\/2\/revisions"}],"predecessor-version":[{"id":210,"href":"https:\/\/aymericbernard.fr\/index.php?rest_route=\/wp\/v2\/pages\/2\/revisions\/210"}],"wp:attachment":[{"href":"https:\/\/aymericbernard.fr\/index.php?rest_route=%2Fwp%2Fv2%2Fmedia&parent=2"}],"curies":[{"name":"wp","href":"https:\/\/api.w.org\/{rel}","templated":true}]}}